{"id":1731,"date":"2023-04-17T12:31:06","date_gmt":"2023-04-17T10:31:06","guid":{"rendered":"https:\/\/lacortedigio.it\/services\/"},"modified":"2023-06-26T14:52:33","modified_gmt":"2023-06-26T12:52:33","slug":"services","status":"publish","type":"page","link":"https:\/\/lacortedigio.it\/fr\/services\/","title":{"rendered":"Services"},"content":{"rendered":"\t\t<div data-elementor-type=\"wp-page\" data-elementor-id=\"1731\" class=\"elementor elementor-1731 elementor-705\" data-elementor-settings=\"{&quot;ha_cmc_init_switcher&quot;:&quot;no&quot;}\" data-elementor-post-type=\"page\">\n\t\t\t\t\t\t<section class=\"elementor-section elementor-top-section elementor-element elementor-element-cc8715d elementor-section-boxed elementor-section-height-default elementor-section-height-default\" data-id=\"cc8715d\" data-element_type=\"section\" data-e-type=\"section\" data-settings=\"{&quot;shape_divider_top&quot;:&quot;mountains&quot;,&quot;_ha_eqh_enable&quot;:false}\">\n\t\t\t\t\t<div class=\"elementor-shape elementor-shape-top\" aria-hidden=\"true\" data-negative=\"false\">\n\t\t\t<svg xmlns=\"http:\/\/www.w3.org\/2000\/svg\" viewBox=\"0 0 1000 100\" preserveAspectRatio=\"none\">\n\t<path class=\"elementor-shape-fill\" opacity=\"0.33\" d=\"M473,67.3c-203.9,88.3-263.1-34-320.3,0C66,119.1,0,59.7,0,59.7V0h1000v59.7 c0,0-62.1,26.1-94.9,29.3c-32.8,3.3-62.8-12.3-75.8-22.1C806,49.6,745.3,8.7,694.9,4.7S492.4,59,473,67.3z\"\/>\n\t<path class=\"elementor-shape-fill\" opacity=\"0.66\" d=\"M734,67.3c-45.5,0-77.2-23.2-129.1-39.1c-28.6-8.7-150.3-10.1-254,39.1 s-91.7-34.4-149.2,0C115.7,118.3,0,39.8,0,39.8V0h1000v36.5c0,0-28.2-18.5-92.1-18.5C810.2,18.1,775.7,67.3,734,67.3z\"\/>\n\t<path class=\"elementor-shape-fill\" d=\"M766.1,28.9c-200-57.5-266,65.5-395.1,19.5C242,1.8,242,5.4,184.8,20.6C128,35.8,132.3,44.9,89.9,52.5C28.6,63.7,0,0,0,0 h1000c0,0-9.9,40.9-83.6,48.1S829.6,47,766.1,28.9z\"\/>\n<\/svg>\t\t<\/div>\n\t\t\t\t\t<div class=\"elementor-container elementor-column-gap-default\">\n\t\t\t\t\t<div class=\"elementor-column elementor-col-100 elementor-top-column elementor-element elementor-element-2639bae\" data-id=\"2639bae\" data-element_type=\"column\" data-e-type=\"column\">\n\t\t\t<div class=\"elementor-widget-wrap elementor-element-populated\">\n\t\t\t\t\t\t<div class=\"elementor-element elementor-element-48d3dec elementor-widget elementor-widget-heading\" data-id=\"48d3dec\" data-element_type=\"widget\" data-e-type=\"widget\" data-widget_type=\"heading.default\">\n\t\t\t\t<div class=\"elementor-widget-container\">\n\t\t\t\t\t<h1 class=\"elementor-heading-title elementor-size-default\">Services Belgirate<\/h1>\t\t\t\t<\/div>\n\t\t\t\t<\/div>\n\t\t\t\t<div class=\"elementor-element elementor-element-11f7c8d elementor-widget elementor-widget-text-editor\" data-id=\"11f7c8d\" data-element_type=\"widget\" data-e-type=\"widget\" data-widget_type=\"text-editor.default\">\n\t\t\t\t<div class=\"elementor-widget-container\">\n\t\t\t\t\t\t\t\t\t<p>Toutes les informations utiles pour votre s\u00e9jour \u00e0 Belgirate<\/p>\n\t\t\t\t\t\t\t\t<\/div>\n\t\t\t\t<\/div>\n\t\t\t\t\t<\/div>\n\t\t<\/div>\n\t\t\t\t\t<\/div>\n\t\t<\/section>\n\t\t\t\t<section class=\"elementor-section elementor-top-section elementor-element elementor-element-a0732be elementor-section-boxed elementor-section-height-default elementor-section-height-default\" data-id=\"a0732be\" data-element_type=\"section\" data-e-type=\"section\" data-settings=\"{&quot;_ha_eqh_enable&quot;:false}\">\n\t\t\t\t\t\t<div class=\"elementor-container elementor-column-gap-default\">\n\t\t\t\t\t<div class=\"elementor-column elementor-col-100 elementor-top-column elementor-element elementor-element-7e18264\" data-id=\"7e18264\" data-element_type=\"column\" data-e-type=\"column\">\n\t\t\t<div class=\"elementor-widget-wrap elementor-element-populated\">\n\t\t\t\t\t\t<div class=\"elementor-element elementor-element-95494a7 elementor-widget elementor-widget-accordion\" data-id=\"95494a7\" data-element_type=\"widget\" data-e-type=\"widget\" data-widget_type=\"accordion.default\">\n\t\t\t\t<div class=\"elementor-widget-container\">\n\t\t\t\t\t\t\t<div class=\"elementor-accordion\">\n\t\t\t\t\t\t\t<div class=\"elementor-accordion-item\">\n\t\t\t\t\t<div id=\"elementor-tab-title-1561\" class=\"elementor-tab-title\" data-tab=\"1\" role=\"button\" aria-controls=\"elementor-tab-content-1561\" aria-expanded=\"false\">\n\t\t\t\t\t\t\t\t\t\t\t\t\t<span class=\"elementor-accordion-icon elementor-accordion-icon-left\" aria-hidden=\"true\">\n\t\t\t\t\t\t\t\t\t\t\t\t\t\t\t<span class=\"elementor-accordion-icon-closed\"><i class=\"fas fa-plus\"><\/i><\/span>\n\t\t\t\t\t\t\t\t<span class=\"elementor-accordion-icon-opened\"><i class=\"fas fa-minus\"><\/i><\/span>\n\t\t\t\t\t\t\t\t\t\t\t\t\t\t<\/span>\n\t\t\t\t\t\t\t\t\t\t\t\t<a class=\"elementor-accordion-title\" tabindex=\"0\">Offices du tourisme<\/a>\n\t\t\t\t\t<\/div>\n\t\t\t\t\t<div id=\"elementor-tab-content-1561\" class=\"elementor-tab-content elementor-clearfix\" data-tab=\"1\" role=\"region\" aria-labelledby=\"elementor-tab-title-1561\"><p>I.A.T. Ufficio Informazione Turistica<br \/>Via Mazzini 12\/14<\/p>\n<p>338 99 04 221 \/ 339 4152436 pendant les heures d&rsquo;ouverture des bureaux<\/p>\n<\/div>\n\t\t\t\t<\/div>\n\t\t\t\t\t\t\t<div class=\"elementor-accordion-item\">\n\t\t\t\t\t<div id=\"elementor-tab-title-1562\" class=\"elementor-tab-title\" data-tab=\"2\" role=\"button\" aria-controls=\"elementor-tab-content-1562\" aria-expanded=\"false\">\n\t\t\t\t\t\t\t\t\t\t\t\t\t<span class=\"elementor-accordion-icon elementor-accordion-icon-left\" aria-hidden=\"true\">\n\t\t\t\t\t\t\t\t\t\t\t\t\t\t\t<span class=\"elementor-accordion-icon-closed\"><i class=\"fas fa-plus\"><\/i><\/span>\n\t\t\t\t\t\t\t\t<span class=\"elementor-accordion-icon-opened\"><i class=\"fas fa-minus\"><\/i><\/span>\n\t\t\t\t\t\t\t\t\t\t\t\t\t\t<\/span>\n\t\t\t\t\t\t\t\t\t\t\t\t<a class=\"elementor-accordion-title\" tabindex=\"0\">Transports<\/a>\n\t\t\t\t\t<\/div>\n\t\t\t\t\t<div id=\"elementor-tab-content-1562\" class=\"elementor-tab-content elementor-clearfix\" data-tab=\"2\" role=\"region\" aria-labelledby=\"elementor-tab-title-1562\"><ul>\n<li><strong>A\u00e9roports<\/strong><\/li>\n<\/ul>\n<p><a href=\"http:\/\/www.sea-aeroportimilano.it\/\" target=\"_blank\" rel=\"noopener\">A\u00e9roport de Milan Malpensa<\/a>, 39 Km<br \/>&#8211; Informations sur les vols &#8211; 02.74852200 <br \/>&#8211; Num\u00e9ro gratuit 800.337337<\/p>\n<p><a href=\"http:\/\/www.aeroportoditorino.it\/\" target=\"_blank\" rel=\"noopener\">A\u00e9roport de Turin Caselle<\/a>, 155 Km<br \/>&#8211; Informations sur les vols &#8211; 011.5676361\/2<\/p>\n<ul>\n<li><strong>Services d&rsquo;autobus<\/strong><\/li>\n<\/ul>\n<dl>\n<dt class=\"m-0 bg-light px-2 py-1 border border-bottom-0\"><span class=\"d-block\"><span class=\"d-block\"><span class=\"d-block\"><br \/><a href=\"http:\/\/www.stnnet.it\/\" target=\"_blank\" rel=\"noopener\">Ligne Novara &#8211; Arona &#8211; Domodossola<\/a><br \/>Arr\u00eats : <strong>1<\/strong>. Imbarcadero &#8211; Piazza Chiesa<br \/><strong>S.T.N. &#8211; Societ\u00e0 Trasporti Novaresi<\/strong><br \/>Via Gibellini n.40 &#8211; 28100 Novara (NO)<br \/>Tel. 0321.472647 &#8211; Fax 0321.471331<br \/>Email: <a title=\"invia mail a info@stnnet.it\" href=\"mailto:info@stnnet.it\">info@stnnet.it<\/a><\/span><\/span><\/span><\/p>\n<p><a href=\"http:\/\/www.safduemila.com\/\" target=\"_blank\" rel=\"noopener\">Ligne Novara &#8211; Arona &#8211; Verbania<\/a><br \/>Arr\u00eats : <strong>1<\/strong>. Imbarcadero &#8211; Piazza Chiesa<br \/><strong>S.A.F. &#8211; Societ\u00e0 Autoservizi Fontaneto<\/strong><br \/>Via Novara n.12 &#8211; 28012 Cressa (NO)<br \/>Tel. 0322.863117 &#8211; Fax 0322.863477<br \/>Email: <a title=\"invia mail a info@safduemila.com\" href=\"mailto:info@safduemila.com\">info@safduemila.com<\/a><\/p>\n<p><a href=\"http:\/\/www.fontaneto.it\/\" target=\"_blank\" rel=\"noopener\">Ligne Novara &#8211; Borgomanero &#8211; Stresa<\/a><br \/>Fermate: <strong>1<\/strong>. Magognino<br \/><strong>Fontaneto Autoservizi S.p.A.<\/strong><br \/>Viale Volta n.85 &#8211; 28100 Novara (NO)<br \/>Tel. 0321.391601 &#8211; Fax 0321.620797<\/p>\n<\/p>\n<\/dt>\n<dl>\n<dt class=\"m-0 bg-light px-2 py-1 border border-bottom-0\">\n<ul>\n<li><strong>Chemins de fer<\/strong><\/li>\n<\/ul>\n<p><a href=\"http:\/\/www.trenitalia.it\/\" target=\"_blank\" rel=\"noopener\">Ligne Milano &#8211; Domodossola<\/a><br \/>Via 4 Novembre<br \/>Tel. 848.888088<\/p>\n<\/p>\n<ul>\n<li><strong>Ports<\/strong><\/li>\n<\/ul>\n<p><a href=\"http:\/\/www.navlaghi.it\/\" target=\"_blank\" rel=\"noopener\">D\u00e9barquement de Belgirate &#8211; Piazza Chiesa<\/a><br \/><strong>Navigation sur le lac Majeur<\/strong><br \/>Viale Baracca n.1 &#8211; 28041 Arona (NO)<br \/>Tel. 0322.233200 &#8211; 0322.249530<br \/>Num\u00e9ro gratuit : : 800551801<\/p>\n<\/dt>\n<dt class=\"m-0 bg-light px-2 py-1 border border-bottom-0\"><span class=\"d-block\"><span class=\"d-block\"><span class=\"d-block\">Email: <a title=\"invia mail a infomaggiore@navigazionelaghi.it\" href=\"mailto:infomaggiore@navigazionelaghi.it\">infomaggiore@navigazionelaghi.it<\/a><\/span><\/span><\/span><\/p>\n<ul>\n<li><strong>Routes et autoroutes<\/strong><\/li>\n<\/ul>\n<p><span class=\"d-block\"><br \/><a href=\"http:\/\/www.autostrade.it\/\" target=\"_blank\" rel=\"noopener\">Autoroute A26<\/a> <br \/>(Alessandria &#8211; Gravellona Toce)Uscita Arona \/ Carpugnino \/ Baveno (Segue SS n.33 del Sempione)<br \/><strong>Soci\u00e9t\u00e9 d&rsquo;autoroutes<\/strong><br \/>Centre d&rsquo;information &#8211; Tel. 06.43632121<br \/>Email: <a title=\"invia mail a info@autostrade.it\" href=\"mailto:info@autostrade.it\">info@autostrade.it<\/a><\/span><\/p>\n<p><a href=\"http:\/\/www.autostrade.it\/\" target=\"_blank\" rel=\"noopener\">Autoroute A8<\/a> <br \/>(Milano &#8211; Laghi) Uscita Castelletto Ticino (Segue SS n.33 del Sempione)<br \/><strong>Soci\u00e9t\u00e9 d&rsquo;autoroutes<\/strong><br \/>Centre d&rsquo;information &#8211; Tel. 06.43632121<br \/>Email: <a title=\"invia mail a info@autostrade.it\" href=\"mailto:info@autostrade.it\">info@autostrade.it<\/a><\/p>\n<p>Route nationale du Simplon n.33 <br \/>Arona &#8211; Belgirate &#8211; Gravellona Toce<\/p>\n<\/dt>\n<\/dl>\n<\/dl>\n<\/div>\n\t\t\t\t<\/div>\n\t\t\t\t\t\t\t<div class=\"elementor-accordion-item\">\n\t\t\t\t\t<div id=\"elementor-tab-title-1563\" class=\"elementor-tab-title\" data-tab=\"3\" role=\"button\" aria-controls=\"elementor-tab-content-1563\" aria-expanded=\"false\">\n\t\t\t\t\t\t\t\t\t\t\t\t\t<span class=\"elementor-accordion-icon elementor-accordion-icon-left\" aria-hidden=\"true\">\n\t\t\t\t\t\t\t\t\t\t\t\t\t\t\t<span class=\"elementor-accordion-icon-closed\"><i class=\"fas fa-plus\"><\/i><\/span>\n\t\t\t\t\t\t\t\t<span class=\"elementor-accordion-icon-opened\"><i class=\"fas fa-minus\"><\/i><\/span>\n\t\t\t\t\t\t\t\t\t\t\t\t\t\t<\/span>\n\t\t\t\t\t\t\t\t\t\t\t\t<a class=\"elementor-accordion-title\" tabindex=\"0\">Pharmacies<\/a>\n\t\t\t\t\t<\/div>\n\t\t\t\t\t<div id=\"elementor-tab-content-1563\" class=\"elementor-tab-content elementor-clearfix\" data-tab=\"3\" role=\"region\" aria-labelledby=\"elementor-tab-title-1563\"><p><a href=\"http:\/\/facebook.com\/farmaciabelgirate\" target=\"_blank\" rel=\"noopener\">Farmacia del lago<\/a><br \/>Via Giuseppe Mazzini 63<br \/>28832 Belgirate VB<br \/>+39 0322 76445<\/p>\n<p><strong>Farmacia di Lesa<\/strong><br \/>Via Giulio Carcano 21<br \/>28040 Lesa NO<br \/>+39 0322 7241<\/p>\n<\/div>\n\t\t\t\t<\/div>\n\t\t\t\t\t\t\t\t<\/div>\n\t\t\t\t\t\t<\/div>\n\t\t\t\t<\/div>\n\t\t\t\t\t<\/div>\n\t\t<\/div>\n\t\t\t\t\t<\/div>\n\t\t<\/section>\n\t\t\t\t<\/div>\n\t\t","protected":false},"excerpt":{"rendered":"<p>Services Belgirate Toutes les informations utiles pour votre s\u00e9jour \u00e0 Belgirate Offices du tourisme I.A.T. Ufficio Informazione TuristicaVia Mazzini 12\/14 338 99 04 221 \/ 339 4152436 pendant les heures d&#8217;ouverture des bureaux Transports A\u00e9roports A\u00e9roport de Milan Malpensa, 39 Km&#8211; Informations sur les vols &#8211; 02.74852200 &#8211; Num\u00e9ro gratuit 800.337337 A\u00e9roport de Turin Caselle, [&hellip;]<\/p>\n","protected":false},"author":2,"featured_media":0,"parent":0,"menu_order":0,"comment_status":"closed","ping_status":"closed","template":"elementor_header_footer","meta":{"footnotes":""},"class_list":["post-1731","page","type-page","status-publish","hentry"],"yoast_head":"<title>Services Belgirate - La Corte di Gi\u00f2<\/title>\n<meta name=\"description\" content=\"Services Belgirate - Toutes les informations utiles pour votre s\u00e9jour \u00e0 Belgirate Transports, informations touristiques, pharmacies\" \/>\n<meta name=\"robots\" content=\"index, follow, max-snippet:-1, max-image-preview:large, max-video-preview:-1\" \/>\n<link rel=\"canonical\" href=\"https:\/\/lacortedigio.it\/fr\/services\/\" \/>\n<meta property=\"og:locale\" content=\"fr_FR\" \/>\n<meta property=\"og:type\" content=\"article\" \/>\n<meta property=\"og:title\" content=\"Services Belgirate - La Corte di Gi\u00f2\" \/>\n<meta property=\"og:description\" content=\"Services Belgirate - Toutes les informations utiles pour votre s\u00e9jour \u00e0 Belgirate Transports, informations touristiques, pharmacies\" \/>\n<meta property=\"og:url\" content=\"https:\/\/lacortedigio.it\/fr\/services\/\" \/>\n<meta property=\"og:site_name\" content=\"La Corte di Gi\u00f2\" \/>\n<meta property=\"article:modified_time\" content=\"2023-06-26T12:52:33+00:00\" \/>\n<meta name=\"twitter:card\" content=\"summary_large_image\" \/>\n<meta name=\"twitter:label1\" content=\"Dur\u00e9e de lecture estim\u00e9e\" \/>\n\t<meta name=\"twitter:data1\" content=\"1 minute\" \/>\n<script type=\"application\/ld+json\" class=\"yoast-schema-graph\">{\"@context\":\"https:\\\/\\\/schema.org\",\"@graph\":[{\"@type\":\"WebPage\",\"@id\":\"https:\\\/\\\/lacortedigio.it\\\/fr\\\/services\\\/\",\"url\":\"https:\\\/\\\/lacortedigio.it\\\/fr\\\/services\\\/\",\"name\":\"Services Belgirate - La Corte di Gi\u00f2\",\"isPartOf\":{\"@id\":\"https:\\\/\\\/lacortedigio.it\\\/fr\\\/#website\"},\"datePublished\":\"2023-04-17T10:31:06+00:00\",\"dateModified\":\"2023-06-26T12:52:33+00:00\",\"description\":\"Services Belgirate - Toutes les informations utiles pour votre s\u00e9jour \u00e0 Belgirate Transports, informations touristiques, pharmacies\",\"breadcrumb\":{\"@id\":\"https:\\\/\\\/lacortedigio.it\\\/fr\\\/services\\\/#breadcrumb\"},\"inLanguage\":\"fr-FR\",\"potentialAction\":[{\"@type\":\"ReadAction\",\"target\":[\"https:\\\/\\\/lacortedigio.it\\\/fr\\\/services\\\/\"]}]},{\"@type\":\"BreadcrumbList\",\"@id\":\"https:\\\/\\\/lacortedigio.it\\\/fr\\\/services\\\/#breadcrumb\",\"itemListElement\":[{\"@type\":\"ListItem\",\"position\":1,\"name\":\"Home\",\"item\":\"https:\\\/\\\/lacortedigio.it\\\/fr\\\/home\\\/\"},{\"@type\":\"ListItem\",\"position\":2,\"name\":\"Services\"}]},{\"@type\":\"WebSite\",\"@id\":\"https:\\\/\\\/lacortedigio.it\\\/fr\\\/#website\",\"url\":\"https:\\\/\\\/lacortedigio.it\\\/fr\\\/\",\"name\":\"La Corte di Gi\u00f2\",\"description\":\"Camere a appartamenti a Belgirate\",\"publisher\":{\"@id\":\"https:\\\/\\\/lacortedigio.it\\\/fr\\\/#organization\"},\"potentialAction\":[{\"@type\":\"SearchAction\",\"target\":{\"@type\":\"EntryPoint\",\"urlTemplate\":\"https:\\\/\\\/lacortedigio.it\\\/fr\\\/?s={search_term_string}\"},\"query-input\":{\"@type\":\"PropertyValueSpecification\",\"valueRequired\":true,\"valueName\":\"search_term_string\"}}],\"inLanguage\":\"fr-FR\"},{\"@type\":\"Organization\",\"@id\":\"https:\\\/\\\/lacortedigio.it\\\/fr\\\/#organization\",\"name\":\"La Corte di Gi\u00f2\",\"url\":\"https:\\\/\\\/lacortedigio.it\\\/fr\\\/\",\"logo\":{\"@type\":\"ImageObject\",\"inLanguage\":\"fr-FR\",\"@id\":\"https:\\\/\\\/lacortedigio.it\\\/fr\\\/#\\\/schema\\\/logo\\\/image\\\/\",\"url\":\"https:\\\/\\\/lacortedigio.it\\\/wp-content\\\/uploads\\\/2023\\\/01\\\/cropped-01a0d5d9-41e6-4b24-a2fb-3de25aac26dd.jpg.png\",\"contentUrl\":\"https:\\\/\\\/lacortedigio.it\\\/wp-content\\\/uploads\\\/2023\\\/01\\\/cropped-01a0d5d9-41e6-4b24-a2fb-3de25aac26dd.jpg.png\",\"width\":640,\"height\":640,\"caption\":\"La Corte di Gi\u00f2\"},\"image\":{\"@id\":\"https:\\\/\\\/lacortedigio.it\\\/fr\\\/#\\\/schema\\\/logo\\\/image\\\/\"}}]}<\/script>","yoast_head_json":{"title":"Services Belgirate - La Corte di Gi\u00f2","description":"Services Belgirate - Toutes les informations utiles pour votre s\u00e9jour \u00e0 Belgirate Transports, informations touristiques, pharmacies","robots":{"index":"index","follow":"follow","max-snippet":"max-snippet:-1","max-image-preview":"max-image-preview:large","max-video-preview":"max-video-preview:-1"},"canonical":"https:\/\/lacortedigio.it\/fr\/services\/","og_locale":"fr_FR","og_type":"article","og_title":"Services Belgirate - La Corte di Gi\u00f2","og_description":"Services Belgirate - Toutes les informations utiles pour votre s\u00e9jour \u00e0 Belgirate Transports, informations touristiques, pharmacies","og_url":"https:\/\/lacortedigio.it\/fr\/services\/","og_site_name":"La Corte di Gi\u00f2","article_modified_time":"2023-06-26T12:52:33+00:00","twitter_card":"summary_large_image","twitter_misc":{"Dur\u00e9e de lecture estim\u00e9e":"1 minute"},"schema":{"@context":"https:\/\/schema.org","@graph":[{"@type":"WebPage","@id":"https:\/\/lacortedigio.it\/fr\/services\/","url":"https:\/\/lacortedigio.it\/fr\/services\/","name":"Services Belgirate - La Corte di Gi\u00f2","isPartOf":{"@id":"https:\/\/lacortedigio.it\/fr\/#website"},"datePublished":"2023-04-17T10:31:06+00:00","dateModified":"2023-06-26T12:52:33+00:00","description":"Services Belgirate - Toutes les informations utiles pour votre s\u00e9jour \u00e0 Belgirate Transports, informations touristiques, pharmacies","breadcrumb":{"@id":"https:\/\/lacortedigio.it\/fr\/services\/#breadcrumb"},"inLanguage":"fr-FR","potentialAction":[{"@type":"ReadAction","target":["https:\/\/lacortedigio.it\/fr\/services\/"]}]},{"@type":"BreadcrumbList","@id":"https:\/\/lacortedigio.it\/fr\/services\/#breadcrumb","itemListElement":[{"@type":"ListItem","position":1,"name":"Home","item":"https:\/\/lacortedigio.it\/fr\/home\/"},{"@type":"ListItem","position":2,"name":"Services"}]},{"@type":"WebSite","@id":"https:\/\/lacortedigio.it\/fr\/#website","url":"https:\/\/lacortedigio.it\/fr\/","name":"La Corte di Gi\u00f2","description":"Camere a appartamenti a Belgirate","publisher":{"@id":"https:\/\/lacortedigio.it\/fr\/#organization"},"potentialAction":[{"@type":"SearchAction","target":{"@type":"EntryPoint","urlTemplate":"https:\/\/lacortedigio.it\/fr\/?s={search_term_string}"},"query-input":{"@type":"PropertyValueSpecification","valueRequired":true,"valueName":"search_term_string"}}],"inLanguage":"fr-FR"},{"@type":"Organization","@id":"https:\/\/lacortedigio.it\/fr\/#organization","name":"La Corte di Gi\u00f2","url":"https:\/\/lacortedigio.it\/fr\/","logo":{"@type":"ImageObject","inLanguage":"fr-FR","@id":"https:\/\/lacortedigio.it\/fr\/#\/schema\/logo\/image\/","url":"https:\/\/lacortedigio.it\/wp-content\/uploads\/2023\/01\/cropped-01a0d5d9-41e6-4b24-a2fb-3de25aac26dd.jpg.png","contentUrl":"https:\/\/lacortedigio.it\/wp-content\/uploads\/2023\/01\/cropped-01a0d5d9-41e6-4b24-a2fb-3de25aac26dd.jpg.png","width":640,"height":640,"caption":"La Corte di Gi\u00f2"},"image":{"@id":"https:\/\/lacortedigio.it\/fr\/#\/schema\/logo\/image\/"}}]}},"_links":{"self":[{"href":"https:\/\/lacortedigio.it\/fr\/wp-json\/wp\/v2\/pages\/1731","targetHints":{"allow":["GET"]}}],"collection":[{"href":"https:\/\/lacortedigio.it\/fr\/wp-json\/wp\/v2\/pages"}],"about":[{"href":"https:\/\/lacortedigio.it\/fr\/wp-json\/wp\/v2\/types\/page"}],"author":[{"embeddable":true,"href":"https:\/\/lacortedigio.it\/fr\/wp-json\/wp\/v2\/users\/2"}],"replies":[{"embeddable":true,"href":"https:\/\/lacortedigio.it\/fr\/wp-json\/wp\/v2\/comments?post=1731"}],"version-history":[{"count":1,"href":"https:\/\/lacortedigio.it\/fr\/wp-json\/wp\/v2\/pages\/1731\/revisions"}],"predecessor-version":[{"id":1732,"href":"https:\/\/lacortedigio.it\/fr\/wp-json\/wp\/v2\/pages\/1731\/revisions\/1732"}],"wp:attachment":[{"href":"https:\/\/lacortedigio.it\/fr\/wp-json\/wp\/v2\/media?parent=1731"}],"curies":[{"name":"wp","href":"https:\/\/api.w.org\/{rel}","templated":true}]}}