{"id":1702,"date":"2023-05-30T09:07:32","date_gmt":"2023-05-30T07:07:32","guid":{"rendered":"https:\/\/lacortedigio.it\/reglement-la-corte-di-gio\/"},"modified":"2023-06-26T11:31:55","modified_gmt":"2023-06-26T09:31:55","slug":"reglement-la-corte-di-gio","status":"publish","type":"page","link":"https:\/\/lacortedigio.it\/fr\/reglement-la-corte-di-gio\/","title":{"rendered":"R\u00e8glement La Corte di Gio&rsquo;"},"content":{"rendered":"\t\t<div data-elementor-type=\"wp-page\" data-elementor-id=\"1702\" class=\"elementor elementor-1702 elementor-912\" data-elementor-settings=\"{&quot;ha_cmc_init_switcher&quot;:&quot;no&quot;}\" data-elementor-post-type=\"page\">\n\t\t\t\t\t\t<section class=\"elementor-section elementor-top-section elementor-element elementor-element-cc8715d elementor-section-boxed elementor-section-height-default elementor-section-height-default\" data-id=\"cc8715d\" data-element_type=\"section\" data-e-type=\"section\" data-settings=\"{&quot;shape_divider_top&quot;:&quot;mountains&quot;,&quot;_ha_eqh_enable&quot;:false}\">\n\t\t\t\t\t<div class=\"elementor-shape elementor-shape-top\" aria-hidden=\"true\" data-negative=\"false\">\n\t\t\t<svg xmlns=\"http:\/\/www.w3.org\/2000\/svg\" viewBox=\"0 0 1000 100\" preserveAspectRatio=\"none\">\n\t<path class=\"elementor-shape-fill\" opacity=\"0.33\" d=\"M473,67.3c-203.9,88.3-263.1-34-320.3,0C66,119.1,0,59.7,0,59.7V0h1000v59.7 c0,0-62.1,26.1-94.9,29.3c-32.8,3.3-62.8-12.3-75.8-22.1C806,49.6,745.3,8.7,694.9,4.7S492.4,59,473,67.3z\"\/>\n\t<path class=\"elementor-shape-fill\" opacity=\"0.66\" d=\"M734,67.3c-45.5,0-77.2-23.2-129.1-39.1c-28.6-8.7-150.3-10.1-254,39.1 s-91.7-34.4-149.2,0C115.7,118.3,0,39.8,0,39.8V0h1000v36.5c0,0-28.2-18.5-92.1-18.5C810.2,18.1,775.7,67.3,734,67.3z\"\/>\n\t<path class=\"elementor-shape-fill\" d=\"M766.1,28.9c-200-57.5-266,65.5-395.1,19.5C242,1.8,242,5.4,184.8,20.6C128,35.8,132.3,44.9,89.9,52.5C28.6,63.7,0,0,0,0 h1000c0,0-9.9,40.9-83.6,48.1S829.6,47,766.1,28.9z\"\/>\n<\/svg>\t\t<\/div>\n\t\t\t\t\t<div class=\"elementor-container elementor-column-gap-default\">\n\t\t\t\t\t<div class=\"elementor-column elementor-col-100 elementor-top-column elementor-element elementor-element-2639bae\" data-id=\"2639bae\" data-element_type=\"column\" data-e-type=\"column\">\n\t\t\t<div class=\"elementor-widget-wrap elementor-element-populated\">\n\t\t\t\t\t\t<div class=\"elementor-element elementor-element-48d3dec elementor-widget elementor-widget-heading\" data-id=\"48d3dec\" data-element_type=\"widget\" data-e-type=\"widget\" data-widget_type=\"heading.default\">\n\t\t\t\t<div class=\"elementor-widget-container\">\n\t\t\t\t\t<h2 class=\"elementor-heading-title elementor-size-default\">R\u00e8glement La Corte di Gio'<\/h2>\t\t\t\t<\/div>\n\t\t\t\t<\/div>\n\t\t\t\t<div class=\"elementor-element elementor-element-11f7c8d elementor-widget elementor-widget-text-editor\" data-id=\"11f7c8d\" data-element_type=\"widget\" data-e-type=\"widget\" data-widget_type=\"text-editor.default\">\n\t\t\t\t<div class=\"elementor-widget-container\">\n\t\t\t\t\t\t\t\t\t<div>Chers h\u00f4tes,<\/div>\n<div> <\/div>\n<div>nous vous souhaitons la bienvenue dans notre maison, qui sera la v\u00f4tre pour cette courte p\u00e9riode. Nous avons essay\u00e9 de la rendre aussi confortable que possible en pensant \u00e0 tous nos propres besoins lorsque nous voyageons.<\/div>\n<div> <\/div>\n<div>Nous esp\u00e9rons avoir r\u00e9ussi \u00e0 rendre votre s\u00e9jour aussi relaxant et confortable que possible.<\/div>\n<div> <\/div>\n<div>&#8211; En utilisant l&rsquo;appartement de mani\u00e8re respectueuse, vous nous aiderez \u00e0 vous fournir m\u00eame \u00e0 l&rsquo;avenir un logement de vacances de qualit\u00e9 \u00e9lev\u00e9e.<\/div>\n<div> <\/div>\n<div>&#8211; Pour un s\u00e9jour agr\u00e9able et s\u00fbr, veuillez prendre connaissance du r\u00e8glement int\u00e9rieur de la maison.<\/div>\n<div> <\/div>\n<div>Pour toute information compl\u00e9mentaire, n&rsquo;h\u00e9sitez pas \u00e0 nous contacter.<\/div>\n<div> <\/div>\n<div><strong>ARRIV\u00c9E ET D\u00c9PART<\/strong><\/div>\n<div> <\/div>\n<div>LA CORTE DI GIO&rsquo; est exclusivement r\u00e9serv\u00e9e aux h\u00f4tes qui occupent les appartements, l&rsquo;acc\u00e8s aux personnes non autoris\u00e9es est donc interdit.<\/div>\n<div> <\/div>\n<div>Vous pourrez prendre possession de l&rsquo;appartement de 15 \u00e0 18 heures le jour de votre arriv\u00e9e et vous devrez le lib\u00e9rer avant 10 heures le jour de votre d\u00e9part afin que le nettoyage puisse se faire r\u00e9guli\u00e8rement.<\/div>\n<div> <\/div>\n<div><strong>DOCUMENTS<\/strong><\/div>\n<div> <\/div>\n<div>\u00c0 l&rsquo;arriv\u00e9e, les h\u00f4tes sont tenus de pr\u00e9senter un document d&rsquo;identit\u00e9 valide pour l&rsquo;enregistrement, conform\u00e9ment \u00e0 la loi. Le non-respect de cette obligation constitue une violation du code p\u00e9nal.<\/div>\n<div> <\/div>\n<div>Les donn\u00e9es acquises sont trait\u00e9es conform\u00e9ment \u00e0 la r\u00e9glementation en vigueur en mati\u00e8re de protection de la vie priv\u00e9e, aux termes du d\u00e9cret l\u00e9gislatif n\u00b0 196 du 30 juin 2003.<\/div>\n<div> <\/div>\n<div><strong>CL\u00c9S<\/strong><\/div>\n<div> <\/div>\n<div>Nous aurons le plaisir de vous remettre les cl\u00e9s de notre appartement et de notre porte d\u2019entr\u00e9e \u00e0 condition que vous les gardiez soigneusement et que vous vous engagiez \u00e0 les conserver avec soin. Si vous les perdez, nous serons oblig\u00e9s d&rsquo;imposer une p\u00e9nalit\u00e9 de 100 euros pour le changement des serrures.<\/div>\n<div> <\/div>\n<div><strong>TAXE DE S\u00c9JOUR DE BELGIRATE<\/strong><\/div>\n<div> <\/div>\n<div>Dans la commune de Belgirate, pour les maisons de vacances, le montant de la taxe est de 1,50 euro par personne et par jour pour les adultes et les mineurs \u00e0 partir de 14 ans.<\/div>\n<div> <\/div>\n<div><strong>SILENCE ET TRANQUILLIT\u00c9<\/strong><\/div>\n<div> <\/div>\n<div>Dans un esprit de bon voisinage, nous vous demandons de respecter le repos nocturne de 22 heures \u00e0 7 heures et la sieste de 13 heures \u00e0 15 heures.<\/div>\n<div> <\/div>\n<div>Il est interdit de d\u00e9placer le mobilier de l&rsquo;appartement (chaises, tables, lits).<\/div>\n<div> <\/div>\n<div>Il est strictement interdit de fumer dans tous les espaces de l&rsquo;appartement et du b\u00e2timent.<\/div>\n<div> <\/div>\n<div><strong>NETTOYAGE ET LINGE <\/strong><\/div>\n<div> <\/div>\n<div>L&rsquo;appartement et le linge sont livr\u00e9s en parfait \u00e9tat de propret\u00e9. \u00c0 la restitution, \u00e0 la fin du s\u00e9jour, tous les d\u00e9fauts \u00e9ventuels et les d\u00e9g\u00e2ts seront factur\u00e9s. Les frais de nettoyage vont de 30 euros pour un s\u00e9jour de 3 personnes \u00e0 50 euros pour plusieurs personnes. Le changement de linge et le nettoyage suppl\u00e9mentaire ne sont pas compris dans le prix. Pour les s\u00e9jours de plus d&rsquo;une semaine, le linge sera chang\u00e9.<\/div>\n<div> <\/div>\n<div><strong>CUISINE<\/strong><\/div>\n<div> <\/div>\n<div>Veuillez \u00e9galement pr\u00eater attention \u00e0 la vaisselle, aux assiettes, aux couverts, aux casseroles qui devront \u00eatre rang\u00e9s propres dans les placards pr\u00e9vus \u00e0 cet effet.<\/div>\n<div> <\/div>\n<div><strong>OBJETS PERSONNELS<\/strong><\/div>\n<div> <\/div>\n<div>Les h\u00f4tes doivent prendre soin des objets de valeur laiss\u00e9s dans l&rsquo;appartement. Nous ne sommes pas responsables des objets manquants.<\/div>\n<div> <\/div>\n<div><strong>DOMMAGES, OBJETS MANQUANTS ET OBJETS ENDOMMAG\u00c9S<\/strong><\/div>\n<div> <\/div>\n<div>Tout dommage caus\u00e9 apr\u00e8s l&rsquo;\u00e9tablissement de la responsabilit\u00e9 doit \u00eatre rembours\u00e9 par les h\u00f4tes. Les objets manquants dans l&rsquo;\u00e9quipement de la chambre seront factur\u00e9s aux h\u00f4tes occupants.<\/div>\n<div> <\/div>\n<div><strong>RECOMMANDATIONS ET INTERDICTIONS<\/strong><\/div>\n<div> <\/div>\n<div>Nous vous recommandons d&rsquo;utiliser correctement les toilettes, en \u00e9vitant de jeter les serviettes hygi\u00e9niques, les cotons-tiges et autres objets susceptibles de boucher les toilettes (nous vous conseillons d&rsquo;utiliser les conteneurs pr\u00e9vus \u00e0 cet effet).<\/div>\n<div> <\/div>\n<div>Autres recommandations : <\/div>\n<div> <\/div>\n<div>L&rsquo;appartement n\u2019est pas lou\u00e9 \u00e0 des personnes se livrant \u00e0 des activit\u00e9s ill\u00e9gales.<\/div>\n<div> <\/div>\n<div>L&rsquo;appartement n&rsquo;est pas disponible pour les f\u00eates, les enterrements de vie de gar\u00e7on ou de jeune fille, les c\u00e9l\u00e9brations.<\/div>\n<div> <\/div>\n<div>\u00c9teignez les lumi\u00e8res chaque fois que vous quittez la pi\u00e8ce.<\/div>\n<div> <\/div>\n<div>Ne laissez pas les fen\u00eatres et les balcons ouverts pendant votre absence.<\/div>\n<div> <\/div>\n<div>Ne laissez pas les chargeurs de batterie branch\u00e9s lorsqu&rsquo;ils ne sont pas utilis\u00e9s.<\/div>\n<div> <\/div>\n<div>Ne laissez pas les robinets ouverts (l&rsquo;eau est un bien pr\u00e9cieux).<\/div>\n<div> <\/div>\n<div>Ne laissez pas l&rsquo;air conditionn\u00e9 fonctionner pendant votre absence.<\/div>\n<div> <\/div>\n<div>Ne laissez pas les ventilateurs de la salle de bain allum\u00e9s pendant votre absence.<\/div>\n<div> <\/div>\n<div>Maintenez le volume de la t\u00e9l\u00e9vision \u00e0 un niveau bas afin de ne pas d\u00e9ranger autrui.<\/div>\n<div> <\/div>\n<div>Il est strictement interdit de consommer des drogues dans les locaux.<\/div>\n<div> <\/div>\n<div><strong>POUBELLES<\/strong><\/div>\n<div> <\/div>\n<div>Pour la collecte s\u00e9lective des d\u00e9chets : plastique et stratifi\u00e9s, papier, d\u00e9chets organiques, d\u00e9chets indiff\u00e9renci\u00e9s, verre, suivez les instructions du calendrier fourni dans l&rsquo;appartement.<\/div>\n<div> <\/div>\n<div><strong>INTERNET ET WI-FI<\/strong><\/div>\n<div> <\/div>\n<div>La propri\u00e9t\u00e9 est \u00e9quip\u00e9e d&rsquo;un r\u00e9seau WI-FI pour la connexion \u00e0 Internet.<\/div>\n<div> <\/div>\n<div>Les chambres sont \u00e9quip\u00e9es de prises USB pour recharger les t\u00e9l\u00e9phones portables et les tablettes.<\/div>\n<div> <\/div>\n<div>Nous ne pouvons \u00eatre tenus responsables de toute inefficacit\u00e9 due \u00e0 un manque total ou partiel d&rsquo;\u00e9lectricit\u00e9, d&rsquo;eau, de ligne t\u00e9l\u00e9phonique ou de connexion internet qui est hors de notre contr\u00f4le.<\/div>\n<div> <\/div>\n<div>La connexion WI-FI, les serviettes, les draps, la vaisselle et le nettoyage final sont inclus dans le prix.<\/div>\n<div> <\/div>\n<div>Nous vous souhaitons un agr\u00e9able s\u00e9jour dans notre maison La Corte di Gio&rsquo; \u00e0 Belgirate.<\/div>\n\t\t\t\t\t\t\t\t<\/div>\n\t\t\t\t<\/div>\n\t\t\t\t\t<\/div>\n\t\t<\/div>\n\t\t\t\t\t<\/div>\n\t\t<\/section>\n\t\t\t\t<\/div>\n\t\t","protected":false},"excerpt":{"rendered":"<p>R\u00e8glement La Corte di Gio&rsquo; Chers h\u00f4tes, nous vous souhaitons la bienvenue dans notre maison, qui sera la v\u00f4tre pour cette courte p\u00e9riode. Nous avons essay\u00e9 de la rendre aussi confortable que possible en pensant \u00e0 tous nos propres besoins lorsque nous voyageons. Nous esp\u00e9rons avoir r\u00e9ussi \u00e0 rendre votre s\u00e9jour aussi relaxant et confortable [&hellip;]<\/p>\n","protected":false},"author":2,"featured_media":0,"parent":0,"menu_order":0,"comment_status":"closed","ping_status":"closed","template":"elementor_header_footer","meta":{"footnotes":""},"class_list":["post-1702","page","type-page","status-publish","hentry"],"yoast_head":"<title>R\u00e8glement La Corte di Gio&#039; - La Corte di Gi\u00f2<\/title>\n<meta name=\"robots\" content=\"index, follow, max-snippet:-1, max-image-preview:large, max-video-preview:-1\" \/>\n<link rel=\"canonical\" href=\"https:\/\/lacortedigio.it\/fr\/reglement-la-corte-di-gio\/\" \/>\n<meta property=\"og:locale\" content=\"fr_FR\" \/>\n<meta property=\"og:type\" content=\"article\" \/>\n<meta property=\"og:title\" content=\"R\u00e8glement La Corte di Gio&#039; - La Corte di Gi\u00f2\" \/>\n<meta property=\"og:description\" content=\"R\u00e8glement La Corte di Gio&rsquo; Chers h\u00f4tes, nous vous souhaitons la bienvenue dans notre maison, qui sera la v\u00f4tre pour cette courte p\u00e9riode. Nous avons essay\u00e9 de la rendre aussi confortable que possible en pensant \u00e0 tous nos propres besoins lorsque nous voyageons. Nous esp\u00e9rons avoir r\u00e9ussi \u00e0 rendre votre s\u00e9jour aussi relaxant et confortable [&hellip;]\" \/>\n<meta property=\"og:url\" content=\"https:\/\/lacortedigio.it\/fr\/reglement-la-corte-di-gio\/\" \/>\n<meta property=\"og:site_name\" content=\"La Corte di Gi\u00f2\" \/>\n<meta property=\"article:modified_time\" content=\"2023-06-26T09:31:55+00:00\" \/>\n<meta name=\"twitter:card\" content=\"summary_large_image\" \/>\n<meta name=\"twitter:label1\" content=\"Dur\u00e9e de lecture estim\u00e9e\" \/>\n\t<meta name=\"twitter:data1\" content=\"4 minutes\" \/>\n<script type=\"application\/ld+json\" class=\"yoast-schema-graph\">{\"@context\":\"https:\\\/\\\/schema.org\",\"@graph\":[{\"@type\":\"WebPage\",\"@id\":\"https:\\\/\\\/lacortedigio.it\\\/fr\\\/reglement-la-corte-di-gio\\\/\",\"url\":\"https:\\\/\\\/lacortedigio.it\\\/fr\\\/reglement-la-corte-di-gio\\\/\",\"name\":\"R\u00e8glement La Corte di Gio' - La Corte di Gi\u00f2\",\"isPartOf\":{\"@id\":\"https:\\\/\\\/lacortedigio.it\\\/fr\\\/#website\"},\"datePublished\":\"2023-05-30T07:07:32+00:00\",\"dateModified\":\"2023-06-26T09:31:55+00:00\",\"breadcrumb\":{\"@id\":\"https:\\\/\\\/lacortedigio.it\\\/fr\\\/reglement-la-corte-di-gio\\\/#breadcrumb\"},\"inLanguage\":\"fr-FR\",\"potentialAction\":[{\"@type\":\"ReadAction\",\"target\":[\"https:\\\/\\\/lacortedigio.it\\\/fr\\\/reglement-la-corte-di-gio\\\/\"]}]},{\"@type\":\"BreadcrumbList\",\"@id\":\"https:\\\/\\\/lacortedigio.it\\\/fr\\\/reglement-la-corte-di-gio\\\/#breadcrumb\",\"itemListElement\":[{\"@type\":\"ListItem\",\"position\":1,\"name\":\"Home\",\"item\":\"https:\\\/\\\/lacortedigio.it\\\/fr\\\/home\\\/\"},{\"@type\":\"ListItem\",\"position\":2,\"name\":\"R\u00e8glement La Corte di Gio&#8217;\"}]},{\"@type\":\"WebSite\",\"@id\":\"https:\\\/\\\/lacortedigio.it\\\/fr\\\/#website\",\"url\":\"https:\\\/\\\/lacortedigio.it\\\/fr\\\/\",\"name\":\"La Corte di Gi\u00f2\",\"description\":\"Camere a appartamenti a Belgirate\",\"publisher\":{\"@id\":\"https:\\\/\\\/lacortedigio.it\\\/fr\\\/#organization\"},\"potentialAction\":[{\"@type\":\"SearchAction\",\"target\":{\"@type\":\"EntryPoint\",\"urlTemplate\":\"https:\\\/\\\/lacortedigio.it\\\/fr\\\/?s={search_term_string}\"},\"query-input\":{\"@type\":\"PropertyValueSpecification\",\"valueRequired\":true,\"valueName\":\"search_term_string\"}}],\"inLanguage\":\"fr-FR\"},{\"@type\":\"Organization\",\"@id\":\"https:\\\/\\\/lacortedigio.it\\\/fr\\\/#organization\",\"name\":\"La Corte di Gi\u00f2\",\"url\":\"https:\\\/\\\/lacortedigio.it\\\/fr\\\/\",\"logo\":{\"@type\":\"ImageObject\",\"inLanguage\":\"fr-FR\",\"@id\":\"https:\\\/\\\/lacortedigio.it\\\/fr\\\/#\\\/schema\\\/logo\\\/image\\\/\",\"url\":\"https:\\\/\\\/lacortedigio.it\\\/wp-content\\\/uploads\\\/2023\\\/01\\\/cropped-01a0d5d9-41e6-4b24-a2fb-3de25aac26dd.jpg.png\",\"contentUrl\":\"https:\\\/\\\/lacortedigio.it\\\/wp-content\\\/uploads\\\/2023\\\/01\\\/cropped-01a0d5d9-41e6-4b24-a2fb-3de25aac26dd.jpg.png\",\"width\":640,\"height\":640,\"caption\":\"La Corte di Gi\u00f2\"},\"image\":{\"@id\":\"https:\\\/\\\/lacortedigio.it\\\/fr\\\/#\\\/schema\\\/logo\\\/image\\\/\"}}]}<\/script>","yoast_head_json":{"title":"R\u00e8glement La Corte di Gio' - La Corte di Gi\u00f2","robots":{"index":"index","follow":"follow","max-snippet":"max-snippet:-1","max-image-preview":"max-image-preview:large","max-video-preview":"max-video-preview:-1"},"canonical":"https:\/\/lacortedigio.it\/fr\/reglement-la-corte-di-gio\/","og_locale":"fr_FR","og_type":"article","og_title":"R\u00e8glement La Corte di Gio' - La Corte di Gi\u00f2","og_description":"R\u00e8glement La Corte di Gio&rsquo; Chers h\u00f4tes, nous vous souhaitons la bienvenue dans notre maison, qui sera la v\u00f4tre pour cette courte p\u00e9riode. Nous avons essay\u00e9 de la rendre aussi confortable que possible en pensant \u00e0 tous nos propres besoins lorsque nous voyageons. Nous esp\u00e9rons avoir r\u00e9ussi \u00e0 rendre votre s\u00e9jour aussi relaxant et confortable [&hellip;]","og_url":"https:\/\/lacortedigio.it\/fr\/reglement-la-corte-di-gio\/","og_site_name":"La Corte di Gi\u00f2","article_modified_time":"2023-06-26T09:31:55+00:00","twitter_card":"summary_large_image","twitter_misc":{"Dur\u00e9e de lecture estim\u00e9e":"4 minutes"},"schema":{"@context":"https:\/\/schema.org","@graph":[{"@type":"WebPage","@id":"https:\/\/lacortedigio.it\/fr\/reglement-la-corte-di-gio\/","url":"https:\/\/lacortedigio.it\/fr\/reglement-la-corte-di-gio\/","name":"R\u00e8glement La Corte di Gio' - La Corte di Gi\u00f2","isPartOf":{"@id":"https:\/\/lacortedigio.it\/fr\/#website"},"datePublished":"2023-05-30T07:07:32+00:00","dateModified":"2023-06-26T09:31:55+00:00","breadcrumb":{"@id":"https:\/\/lacortedigio.it\/fr\/reglement-la-corte-di-gio\/#breadcrumb"},"inLanguage":"fr-FR","potentialAction":[{"@type":"ReadAction","target":["https:\/\/lacortedigio.it\/fr\/reglement-la-corte-di-gio\/"]}]},{"@type":"BreadcrumbList","@id":"https:\/\/lacortedigio.it\/fr\/reglement-la-corte-di-gio\/#breadcrumb","itemListElement":[{"@type":"ListItem","position":1,"name":"Home","item":"https:\/\/lacortedigio.it\/fr\/home\/"},{"@type":"ListItem","position":2,"name":"R\u00e8glement La Corte di Gio&#8217;"}]},{"@type":"WebSite","@id":"https:\/\/lacortedigio.it\/fr\/#website","url":"https:\/\/lacortedigio.it\/fr\/","name":"La Corte di Gi\u00f2","description":"Camere a appartamenti a Belgirate","publisher":{"@id":"https:\/\/lacortedigio.it\/fr\/#organization"},"potentialAction":[{"@type":"SearchAction","target":{"@type":"EntryPoint","urlTemplate":"https:\/\/lacortedigio.it\/fr\/?s={search_term_string}"},"query-input":{"@type":"PropertyValueSpecification","valueRequired":true,"valueName":"search_term_string"}}],"inLanguage":"fr-FR"},{"@type":"Organization","@id":"https:\/\/lacortedigio.it\/fr\/#organization","name":"La Corte di Gi\u00f2","url":"https:\/\/lacortedigio.it\/fr\/","logo":{"@type":"ImageObject","inLanguage":"fr-FR","@id":"https:\/\/lacortedigio.it\/fr\/#\/schema\/logo\/image\/","url":"https:\/\/lacortedigio.it\/wp-content\/uploads\/2023\/01\/cropped-01a0d5d9-41e6-4b24-a2fb-3de25aac26dd.jpg.png","contentUrl":"https:\/\/lacortedigio.it\/wp-content\/uploads\/2023\/01\/cropped-01a0d5d9-41e6-4b24-a2fb-3de25aac26dd.jpg.png","width":640,"height":640,"caption":"La Corte di Gi\u00f2"},"image":{"@id":"https:\/\/lacortedigio.it\/fr\/#\/schema\/logo\/image\/"}}]}},"_links":{"self":[{"href":"https:\/\/lacortedigio.it\/fr\/wp-json\/wp\/v2\/pages\/1702","targetHints":{"allow":["GET"]}}],"collection":[{"href":"https:\/\/lacortedigio.it\/fr\/wp-json\/wp\/v2\/pages"}],"about":[{"href":"https:\/\/lacortedigio.it\/fr\/wp-json\/wp\/v2\/types\/page"}],"author":[{"embeddable":true,"href":"https:\/\/lacortedigio.it\/fr\/wp-json\/wp\/v2\/users\/2"}],"replies":[{"embeddable":true,"href":"https:\/\/lacortedigio.it\/fr\/wp-json\/wp\/v2\/comments?post=1702"}],"version-history":[{"count":1,"href":"https:\/\/lacortedigio.it\/fr\/wp-json\/wp\/v2\/pages\/1702\/revisions"}],"predecessor-version":[{"id":1703,"href":"https:\/\/lacortedigio.it\/fr\/wp-json\/wp\/v2\/pages\/1702\/revisions\/1703"}],"wp:attachment":[{"href":"https:\/\/lacortedigio.it\/fr\/wp-json\/wp\/v2\/media?parent=1702"}],"curies":[{"name":"wp","href":"https:\/\/api.w.org\/{rel}","templated":true}]}}