{"id":1733,"date":"2023-04-17T12:31:06","date_gmt":"2023-04-17T10:31:06","guid":{"rendered":"https:\/\/lacortedigio.it\/dienstleistungen\/"},"modified":"2023-06-26T15:13:24","modified_gmt":"2023-06-26T13:13:24","slug":"dienstleistungen","status":"publish","type":"page","link":"https:\/\/lacortedigio.it\/de\/dienstleistungen\/","title":{"rendered":"Dienstleistungen"},"content":{"rendered":"\t\t<div data-elementor-type=\"wp-page\" data-elementor-id=\"1733\" class=\"elementor elementor-1733 elementor-705\" data-elementor-settings=\"{&quot;ha_cmc_init_switcher&quot;:&quot;no&quot;}\" data-elementor-post-type=\"page\">\n\t\t\t\t\t\t<section class=\"elementor-section elementor-top-section elementor-element elementor-element-cc8715d elementor-section-boxed elementor-section-height-default elementor-section-height-default\" data-id=\"cc8715d\" data-element_type=\"section\" data-e-type=\"section\" data-settings=\"{&quot;shape_divider_top&quot;:&quot;mountains&quot;,&quot;_ha_eqh_enable&quot;:false}\">\n\t\t\t\t\t<div class=\"elementor-shape elementor-shape-top\" aria-hidden=\"true\" data-negative=\"false\">\n\t\t\t<svg xmlns=\"http:\/\/www.w3.org\/2000\/svg\" viewBox=\"0 0 1000 100\" preserveAspectRatio=\"none\">\n\t<path class=\"elementor-shape-fill\" opacity=\"0.33\" d=\"M473,67.3c-203.9,88.3-263.1-34-320.3,0C66,119.1,0,59.7,0,59.7V0h1000v59.7 c0,0-62.1,26.1-94.9,29.3c-32.8,3.3-62.8-12.3-75.8-22.1C806,49.6,745.3,8.7,694.9,4.7S492.4,59,473,67.3z\"\/>\n\t<path class=\"elementor-shape-fill\" opacity=\"0.66\" d=\"M734,67.3c-45.5,0-77.2-23.2-129.1-39.1c-28.6-8.7-150.3-10.1-254,39.1 s-91.7-34.4-149.2,0C115.7,118.3,0,39.8,0,39.8V0h1000v36.5c0,0-28.2-18.5-92.1-18.5C810.2,18.1,775.7,67.3,734,67.3z\"\/>\n\t<path class=\"elementor-shape-fill\" d=\"M766.1,28.9c-200-57.5-266,65.5-395.1,19.5C242,1.8,242,5.4,184.8,20.6C128,35.8,132.3,44.9,89.9,52.5C28.6,63.7,0,0,0,0 h1000c0,0-9.9,40.9-83.6,48.1S829.6,47,766.1,28.9z\"\/>\n<\/svg>\t\t<\/div>\n\t\t\t\t\t<div class=\"elementor-container elementor-column-gap-default\">\n\t\t\t\t\t<div class=\"elementor-column elementor-col-100 elementor-top-column elementor-element elementor-element-2639bae\" data-id=\"2639bae\" data-element_type=\"column\" data-e-type=\"column\">\n\t\t\t<div class=\"elementor-widget-wrap elementor-element-populated\">\n\t\t\t\t\t\t<div class=\"elementor-element elementor-element-48d3dec elementor-widget elementor-widget-heading\" data-id=\"48d3dec\" data-element_type=\"widget\" data-e-type=\"widget\" data-widget_type=\"heading.default\">\n\t\t\t\t<div class=\"elementor-widget-container\">\n\t\t\t\t\t<h1 class=\"elementor-heading-title elementor-size-default\">Serviceleistungen in Belgirate<\/h1>\t\t\t\t<\/div>\n\t\t\t\t<\/div>\n\t\t\t\t<div class=\"elementor-element elementor-element-11f7c8d elementor-widget elementor-widget-text-editor\" data-id=\"11f7c8d\" data-element_type=\"widget\" data-e-type=\"widget\" data-widget_type=\"text-editor.default\">\n\t\t\t\t<div class=\"elementor-widget-container\">\n\t\t\t\t\t\t\t\t\t<p>Alle n\u00fctzlichen Informationen f\u00fcr Ihren Aufenthalt in Belgirate.<\/p>\n\t\t\t\t\t\t\t\t<\/div>\n\t\t\t\t<\/div>\n\t\t\t\t\t<\/div>\n\t\t<\/div>\n\t\t\t\t\t<\/div>\n\t\t<\/section>\n\t\t\t\t<section class=\"elementor-section elementor-top-section elementor-element elementor-element-a0732be elementor-section-boxed elementor-section-height-default elementor-section-height-default\" data-id=\"a0732be\" data-element_type=\"section\" data-e-type=\"section\" data-settings=\"{&quot;_ha_eqh_enable&quot;:false}\">\n\t\t\t\t\t\t<div class=\"elementor-container elementor-column-gap-default\">\n\t\t\t\t\t<div class=\"elementor-column elementor-col-100 elementor-top-column elementor-element elementor-element-7e18264\" data-id=\"7e18264\" data-element_type=\"column\" data-e-type=\"column\">\n\t\t\t<div class=\"elementor-widget-wrap elementor-element-populated\">\n\t\t\t\t\t\t<div class=\"elementor-element elementor-element-95494a7 elementor-widget elementor-widget-accordion\" data-id=\"95494a7\" data-element_type=\"widget\" data-e-type=\"widget\" data-widget_type=\"accordion.default\">\n\t\t\t\t<div class=\"elementor-widget-container\">\n\t\t\t\t\t\t\t<div class=\"elementor-accordion\">\n\t\t\t\t\t\t\t<div class=\"elementor-accordion-item\">\n\t\t\t\t\t<div id=\"elementor-tab-title-1561\" class=\"elementor-tab-title\" data-tab=\"1\" role=\"button\" aria-controls=\"elementor-tab-content-1561\" aria-expanded=\"false\">\n\t\t\t\t\t\t\t\t\t\t\t\t\t<span class=\"elementor-accordion-icon elementor-accordion-icon-left\" aria-hidden=\"true\">\n\t\t\t\t\t\t\t\t\t\t\t\t\t\t\t<span class=\"elementor-accordion-icon-closed\"><i class=\"fas fa-plus\"><\/i><\/span>\n\t\t\t\t\t\t\t\t<span class=\"elementor-accordion-icon-opened\"><i class=\"fas fa-minus\"><\/i><\/span>\n\t\t\t\t\t\t\t\t\t\t\t\t\t\t<\/span>\n\t\t\t\t\t\t\t\t\t\t\t\t<a class=\"elementor-accordion-title\" tabindex=\"0\">Tourismus-Informationsb\u00fcros<\/a>\n\t\t\t\t\t<\/div>\n\t\t\t\t\t<div id=\"elementor-tab-content-1561\" class=\"elementor-tab-content elementor-clearfix\" data-tab=\"1\" role=\"region\" aria-labelledby=\"elementor-tab-title-1561\"><p>I.A.T. Ufficio Informazione Turistica<br \/>Via Mazzini 12\/14<\/p>\n<p>338 99 04 221 \/ 339 4152436 zu den B\u00fcro\u00f6ffnungszeiten<\/p>\n<\/div>\n\t\t\t\t<\/div>\n\t\t\t\t\t\t\t<div class=\"elementor-accordion-item\">\n\t\t\t\t\t<div id=\"elementor-tab-title-1562\" class=\"elementor-tab-title\" data-tab=\"2\" role=\"button\" aria-controls=\"elementor-tab-content-1562\" aria-expanded=\"false\">\n\t\t\t\t\t\t\t\t\t\t\t\t\t<span class=\"elementor-accordion-icon elementor-accordion-icon-left\" aria-hidden=\"true\">\n\t\t\t\t\t\t\t\t\t\t\t\t\t\t\t<span class=\"elementor-accordion-icon-closed\"><i class=\"fas fa-plus\"><\/i><\/span>\n\t\t\t\t\t\t\t\t<span class=\"elementor-accordion-icon-opened\"><i class=\"fas fa-minus\"><\/i><\/span>\n\t\t\t\t\t\t\t\t\t\t\t\t\t\t<\/span>\n\t\t\t\t\t\t\t\t\t\t\t\t<a class=\"elementor-accordion-title\" tabindex=\"0\">Transporte<\/a>\n\t\t\t\t\t<\/div>\n\t\t\t\t\t<div id=\"elementor-tab-content-1562\" class=\"elementor-tab-content elementor-clearfix\" data-tab=\"2\" role=\"region\" aria-labelledby=\"elementor-tab-title-1562\"><ul>\n<li><strong>Flugh\u00e4fen<\/strong><\/li>\n<\/ul>\n<p><a href=\"http:\/\/www.sea-aeroportimilano.it\/\" target=\"_blank\" rel=\"noopener\">Flughafen Mailand Malpensa<\/a>, 39 Km<br \/>&#8211; IFluginformationen &#8211; 02.74852200 <br \/>&#8211; Geb\u00fchrenfreie Nummer 800.337337<\/p>\n<p><a href=\"http:\/\/www.aeroportoditorino.it\/\" target=\"_blank\" rel=\"noopener\">Flughafen Turin Caselle<\/a>, 155 Km<br \/>&#8211; Fluginformationen &#8211; 011.5676361\/2<\/p>\n<ul>\n<li><strong>Buslinien<\/strong><\/li>\n<\/ul>\n<dl>\n<dt class=\"m-0 bg-light px-2 py-1 border border-bottom-0\"><span class=\"d-block\"><span class=\"d-block\"><span class=\"d-block\"><br \/><a href=\"http:\/\/www.stnnet.it\/\" target=\"_blank\" rel=\"noopener\">Linie Novara &#8211; Arona &#8211; Domodossola<\/a><br \/>Haltestellen : <strong>1<\/strong>. Imbarcadero &#8211; Piazza Chiesa<br \/><strong>S.T.N. &#8211; Societ\u00e0 Trasporti Novaresi<\/strong><br \/>Via Gibellini n.40 &#8211; 28100 Novara (NO)<br \/>Tel. 0321.472647 &#8211; Fax 0321.471331<br \/>Email: <a title=\"invia mail a info@stnnet.it\" href=\"mailto:info@stnnet.it\">info@stnnet.it<\/a><\/span><\/span><\/span><\/p>\n<p><a href=\"http:\/\/www.safduemila.com\/\" target=\"_blank\" rel=\"noopener\">Linie Novara &#8211; Arona &#8211; Verbania<\/a><br \/>Haltestellen : <strong>1<\/strong>. Imbarcadero &#8211; Piazza Chiesa<br \/><strong>S.A.F. &#8211; Societ\u00e0 Autoservizi Fontaneto<\/strong><br \/>Via Novara n.12 &#8211; 28012 Cressa (NO)<br \/>Tel. 0322.863117 &#8211; Fax 0322.863477<br \/>Email: <a title=\"invia mail a info@safduemila.com\" href=\"mailto:info@safduemila.com\">info@safduemila.com<\/a><\/p>\n<p><a href=\"http:\/\/www.fontaneto.it\/\" target=\"_blank\" rel=\"noopener\">Linie Novara &#8211; Borgomanero &#8211; Stresa<\/a><br \/>Haltestellen : <strong>1<\/strong>. Magognino<br \/><strong>Fontaneto Autoservizi S.p.A.<\/strong><br \/>Viale Volta n.85 &#8211; 28100 Novara (NO)<br \/>Tel. 0321.391601 &#8211; Fax 0321.620797<\/p>\n<\/p>\n<\/dt>\n<dl>\n<dt class=\"m-0 bg-light px-2 py-1 border border-bottom-0\">\n<ul>\n<li><strong>Eisenbahnstrecken<\/strong><\/li>\n<\/ul>\n<p><a href=\"http:\/\/www.trenitalia.it\/\" target=\"_blank\" rel=\"noopener\">Linie Milano &#8211; Domodossola<\/a><br \/>Via 4 Novembre<br \/>Tel. 848.888088<\/p>\n<\/p>\n<ul>\n<li><strong>\u2022 H\u00e4fen<\/strong><\/li>\n<\/ul>\n<p><a href=\"http:\/\/www.navlaghi.it\/\" target=\"_blank\" rel=\"noopener\">Anlegestelle Belgirate &#8211; Piazza Chiesa<\/a><br \/><strong>Navigazione Lago Maggiore<\/strong><br \/>Viale Baracca n.1 &#8211; 28041 Arona (NO)<br \/>Tel. 0322.233200 &#8211; 0322.249530<br \/>Geb\u00fchrenfreie Nummer: 800551801<\/p>\n<\/dt>\n<dt class=\"m-0 bg-light px-2 py-1 border border-bottom-0\"><span class=\"d-block\"><span class=\"d-block\"><span class=\"d-block\">Email: <a title=\"invia mail a infomaggiore@navigazionelaghi.it\" href=\"mailto:infomaggiore@navigazionelaghi.it\">infomaggiore@navigazionelaghi.it<\/a><\/span><\/span><\/span><\/p>\n<ul>\n<li><strong>\u2022 Stra\u00dfen und Autobahnen<\/strong><\/li>\n<\/ul>\n<p><span class=\"d-block\"><br \/><a href=\"http:\/\/www.autostrade.it\/\" target=\"_blank\" rel=\"noopener\">Autobahn A26<\/a> <br \/>(Alessandria &#8211; Gravellona Toce)Uscita Arona \/ Carpugnino \/ Baveno (Segue SS n.33 del Sempione)<br \/><strong>Societ\u00e0 Autostrade<\/strong><br \/>Informationszentrum &#8211; Tel. 06.43632121<br \/>Email: <a title=\"invia mail a info@autostrade.it\" href=\"mailto:info@autostrade.it\">info@autostrade.it<\/a><\/span><\/p>\n<p><a href=\"http:\/\/www.autostrade.it\/\" target=\"_blank\" rel=\"noopener\">Autobahn A8<\/a> <br \/>(Milano &#8211; Laghi) Uscita Castelletto Ticino (Segue SS n.33 del Sempione)<br \/><strong>Societ\u00e0 Autostrade<\/strong><br \/>Informationszentrum &#8211; Tel. 06.43632121<br \/>Email: <a title=\"invia mail a info@autostrade.it\" href=\"mailto:info@autostrade.it\">info@autostrade.it<\/a><\/p>\n<p>Strada Statale n.33 del Sempione <br \/>Arona &#8211; Belgirate &#8211; Gravellona Toce<\/p>\n<\/dt>\n<\/dl>\n<\/dl>\n<\/div>\n\t\t\t\t<\/div>\n\t\t\t\t\t\t\t<div class=\"elementor-accordion-item\">\n\t\t\t\t\t<div id=\"elementor-tab-title-1563\" class=\"elementor-tab-title\" data-tab=\"3\" role=\"button\" aria-controls=\"elementor-tab-content-1563\" aria-expanded=\"false\">\n\t\t\t\t\t\t\t\t\t\t\t\t\t<span class=\"elementor-accordion-icon elementor-accordion-icon-left\" aria-hidden=\"true\">\n\t\t\t\t\t\t\t\t\t\t\t\t\t\t\t<span class=\"elementor-accordion-icon-closed\"><i class=\"fas fa-plus\"><\/i><\/span>\n\t\t\t\t\t\t\t\t<span class=\"elementor-accordion-icon-opened\"><i class=\"fas fa-minus\"><\/i><\/span>\n\t\t\t\t\t\t\t\t\t\t\t\t\t\t<\/span>\n\t\t\t\t\t\t\t\t\t\t\t\t<a class=\"elementor-accordion-title\" tabindex=\"0\">Apotheken<\/a>\n\t\t\t\t\t<\/div>\n\t\t\t\t\t<div id=\"elementor-tab-content-1563\" class=\"elementor-tab-content elementor-clearfix\" data-tab=\"3\" role=\"region\" aria-labelledby=\"elementor-tab-title-1563\"><p><a href=\"http:\/\/facebook.com\/farmaciabelgirate\" target=\"_blank\" rel=\"noopener\">Farmacia del lago<\/a><br \/>Via Giuseppe Mazzini 63<br \/>28832 Belgirate VB<br \/>+39 0322 76445<\/p>\n<p><strong>Farmacia di Lesa<\/strong><br \/>Via Giulio Carcano 21<br \/>28040 Lesa NO<br \/>+39 0322 7241<\/p>\n<\/div>\n\t\t\t\t<\/div>\n\t\t\t\t\t\t\t\t<\/div>\n\t\t\t\t\t\t<\/div>\n\t\t\t\t<\/div>\n\t\t\t\t\t<\/div>\n\t\t<\/div>\n\t\t\t\t\t<\/div>\n\t\t<\/section>\n\t\t\t\t<\/div>\n\t\t","protected":false},"excerpt":{"rendered":"<p>Serviceleistungen in Belgirate Alle n\u00fctzlichen Informationen f\u00fcr Ihren Aufenthalt in Belgirate. Tourismus-Informationsb\u00fcros I.A.T. Ufficio Informazione TuristicaVia Mazzini 12\/14 338 99 04 221 \/ 339 4152436 zu den B\u00fcro\u00f6ffnungszeiten Transporte Flugh\u00e4fen Flughafen Mailand Malpensa, 39 Km&#8211; IFluginformationen &#8211; 02.74852200 &#8211; Geb\u00fchrenfreie Nummer 800.337337 Flughafen Turin Caselle, 155 Km&#8211; Fluginformationen &#8211; 011.5676361\/2 Buslinien Linie Novara &#8211; Arona [&hellip;]<\/p>\n","protected":false},"author":2,"featured_media":0,"parent":0,"menu_order":0,"comment_status":"closed","ping_status":"closed","template":"elementor_header_footer","meta":{"footnotes":""},"class_list":["post-1733","page","type-page","status-publish","hentry"],"yoast_head":"<title>Serviceleistungen in Belgirate - La Corte di Gi\u00f2<\/title>\n<meta name=\"description\" content=\"Serviceleistungen in Belgirate - Alle n\u00fctzlichen Informationen f\u00fcr Ihren Aufenthalt in Belgirate. Transport, touristische Informationen, Apotheken\" \/>\n<meta name=\"robots\" content=\"index, follow, max-snippet:-1, max-image-preview:large, max-video-preview:-1\" \/>\n<link rel=\"canonical\" href=\"https:\/\/lacortedigio.it\/de\/dienstleistungen\/\" \/>\n<meta property=\"og:locale\" content=\"de_DE\" \/>\n<meta property=\"og:type\" content=\"article\" \/>\n<meta property=\"og:title\" content=\"Serviceleistungen in Belgirate - La Corte di Gi\u00f2\" \/>\n<meta property=\"og:description\" content=\"Serviceleistungen in Belgirate - Alle n\u00fctzlichen Informationen f\u00fcr Ihren Aufenthalt in Belgirate. Transport, touristische Informationen, Apotheken\" \/>\n<meta property=\"og:url\" content=\"https:\/\/lacortedigio.it\/de\/dienstleistungen\/\" \/>\n<meta property=\"og:site_name\" content=\"La Corte di Gi\u00f2\" \/>\n<meta property=\"article:modified_time\" content=\"2023-06-26T13:13:24+00:00\" \/>\n<meta name=\"twitter:card\" content=\"summary_large_image\" \/>\n<meta name=\"twitter:label1\" content=\"Gesch\u00e4tzte Lesezeit\" \/>\n\t<meta name=\"twitter:data1\" content=\"1\u00a0Minute\" \/>\n<script type=\"application\/ld+json\" class=\"yoast-schema-graph\">{\"@context\":\"https:\\\/\\\/schema.org\",\"@graph\":[{\"@type\":\"WebPage\",\"@id\":\"https:\\\/\\\/lacortedigio.it\\\/de\\\/dienstleistungen\\\/\",\"url\":\"https:\\\/\\\/lacortedigio.it\\\/de\\\/dienstleistungen\\\/\",\"name\":\"Serviceleistungen in Belgirate - La Corte di Gi\u00f2\",\"isPartOf\":{\"@id\":\"https:\\\/\\\/lacortedigio.it\\\/de\\\/#website\"},\"datePublished\":\"2023-04-17T10:31:06+00:00\",\"dateModified\":\"2023-06-26T13:13:24+00:00\",\"description\":\"Serviceleistungen in Belgirate - Alle n\u00fctzlichen Informationen f\u00fcr Ihren Aufenthalt in Belgirate. Transport, touristische Informationen, Apotheken\",\"breadcrumb\":{\"@id\":\"https:\\\/\\\/lacortedigio.it\\\/de\\\/dienstleistungen\\\/#breadcrumb\"},\"inLanguage\":\"de\",\"potentialAction\":[{\"@type\":\"ReadAction\",\"target\":[\"https:\\\/\\\/lacortedigio.it\\\/de\\\/dienstleistungen\\\/\"]}]},{\"@type\":\"BreadcrumbList\",\"@id\":\"https:\\\/\\\/lacortedigio.it\\\/de\\\/dienstleistungen\\\/#breadcrumb\",\"itemListElement\":[{\"@type\":\"ListItem\",\"position\":1,\"name\":\"Home\",\"item\":\"https:\\\/\\\/lacortedigio.it\\\/de\\\/home\\\/\"},{\"@type\":\"ListItem\",\"position\":2,\"name\":\"Dienstleistungen\"}]},{\"@type\":\"WebSite\",\"@id\":\"https:\\\/\\\/lacortedigio.it\\\/de\\\/#website\",\"url\":\"https:\\\/\\\/lacortedigio.it\\\/de\\\/\",\"name\":\"La Corte di Gi\u00f2\",\"description\":\"Camere a appartamenti a Belgirate\",\"publisher\":{\"@id\":\"https:\\\/\\\/lacortedigio.it\\\/de\\\/#organization\"},\"potentialAction\":[{\"@type\":\"SearchAction\",\"target\":{\"@type\":\"EntryPoint\",\"urlTemplate\":\"https:\\\/\\\/lacortedigio.it\\\/de\\\/?s={search_term_string}\"},\"query-input\":{\"@type\":\"PropertyValueSpecification\",\"valueRequired\":true,\"valueName\":\"search_term_string\"}}],\"inLanguage\":\"de\"},{\"@type\":\"Organization\",\"@id\":\"https:\\\/\\\/lacortedigio.it\\\/de\\\/#organization\",\"name\":\"La Corte di Gi\u00f2\",\"url\":\"https:\\\/\\\/lacortedigio.it\\\/de\\\/\",\"logo\":{\"@type\":\"ImageObject\",\"inLanguage\":\"de\",\"@id\":\"https:\\\/\\\/lacortedigio.it\\\/de\\\/#\\\/schema\\\/logo\\\/image\\\/\",\"url\":\"https:\\\/\\\/lacortedigio.it\\\/wp-content\\\/uploads\\\/2023\\\/01\\\/cropped-01a0d5d9-41e6-4b24-a2fb-3de25aac26dd.jpg.png\",\"contentUrl\":\"https:\\\/\\\/lacortedigio.it\\\/wp-content\\\/uploads\\\/2023\\\/01\\\/cropped-01a0d5d9-41e6-4b24-a2fb-3de25aac26dd.jpg.png\",\"width\":640,\"height\":640,\"caption\":\"La Corte di Gi\u00f2\"},\"image\":{\"@id\":\"https:\\\/\\\/lacortedigio.it\\\/de\\\/#\\\/schema\\\/logo\\\/image\\\/\"}}]}<\/script>","yoast_head_json":{"title":"Serviceleistungen in Belgirate - La Corte di Gi\u00f2","description":"Serviceleistungen in Belgirate - Alle n\u00fctzlichen Informationen f\u00fcr Ihren Aufenthalt in Belgirate. Transport, touristische Informationen, Apotheken","robots":{"index":"index","follow":"follow","max-snippet":"max-snippet:-1","max-image-preview":"max-image-preview:large","max-video-preview":"max-video-preview:-1"},"canonical":"https:\/\/lacortedigio.it\/de\/dienstleistungen\/","og_locale":"de_DE","og_type":"article","og_title":"Serviceleistungen in Belgirate - La Corte di Gi\u00f2","og_description":"Serviceleistungen in Belgirate - Alle n\u00fctzlichen Informationen f\u00fcr Ihren Aufenthalt in Belgirate. Transport, touristische Informationen, Apotheken","og_url":"https:\/\/lacortedigio.it\/de\/dienstleistungen\/","og_site_name":"La Corte di Gi\u00f2","article_modified_time":"2023-06-26T13:13:24+00:00","twitter_card":"summary_large_image","twitter_misc":{"Gesch\u00e4tzte Lesezeit":"1\u00a0Minute"},"schema":{"@context":"https:\/\/schema.org","@graph":[{"@type":"WebPage","@id":"https:\/\/lacortedigio.it\/de\/dienstleistungen\/","url":"https:\/\/lacortedigio.it\/de\/dienstleistungen\/","name":"Serviceleistungen in Belgirate - La Corte di Gi\u00f2","isPartOf":{"@id":"https:\/\/lacortedigio.it\/de\/#website"},"datePublished":"2023-04-17T10:31:06+00:00","dateModified":"2023-06-26T13:13:24+00:00","description":"Serviceleistungen in Belgirate - Alle n\u00fctzlichen Informationen f\u00fcr Ihren Aufenthalt in Belgirate. Transport, touristische Informationen, Apotheken","breadcrumb":{"@id":"https:\/\/lacortedigio.it\/de\/dienstleistungen\/#breadcrumb"},"inLanguage":"de","potentialAction":[{"@type":"ReadAction","target":["https:\/\/lacortedigio.it\/de\/dienstleistungen\/"]}]},{"@type":"BreadcrumbList","@id":"https:\/\/lacortedigio.it\/de\/dienstleistungen\/#breadcrumb","itemListElement":[{"@type":"ListItem","position":1,"name":"Home","item":"https:\/\/lacortedigio.it\/de\/home\/"},{"@type":"ListItem","position":2,"name":"Dienstleistungen"}]},{"@type":"WebSite","@id":"https:\/\/lacortedigio.it\/de\/#website","url":"https:\/\/lacortedigio.it\/de\/","name":"La Corte di Gi\u00f2","description":"Camere a appartamenti a Belgirate","publisher":{"@id":"https:\/\/lacortedigio.it\/de\/#organization"},"potentialAction":[{"@type":"SearchAction","target":{"@type":"EntryPoint","urlTemplate":"https:\/\/lacortedigio.it\/de\/?s={search_term_string}"},"query-input":{"@type":"PropertyValueSpecification","valueRequired":true,"valueName":"search_term_string"}}],"inLanguage":"de"},{"@type":"Organization","@id":"https:\/\/lacortedigio.it\/de\/#organization","name":"La Corte di Gi\u00f2","url":"https:\/\/lacortedigio.it\/de\/","logo":{"@type":"ImageObject","inLanguage":"de","@id":"https:\/\/lacortedigio.it\/de\/#\/schema\/logo\/image\/","url":"https:\/\/lacortedigio.it\/wp-content\/uploads\/2023\/01\/cropped-01a0d5d9-41e6-4b24-a2fb-3de25aac26dd.jpg.png","contentUrl":"https:\/\/lacortedigio.it\/wp-content\/uploads\/2023\/01\/cropped-01a0d5d9-41e6-4b24-a2fb-3de25aac26dd.jpg.png","width":640,"height":640,"caption":"La Corte di Gi\u00f2"},"image":{"@id":"https:\/\/lacortedigio.it\/de\/#\/schema\/logo\/image\/"}}]}},"_links":{"self":[{"href":"https:\/\/lacortedigio.it\/de\/wp-json\/wp\/v2\/pages\/1733","targetHints":{"allow":["GET"]}}],"collection":[{"href":"https:\/\/lacortedigio.it\/de\/wp-json\/wp\/v2\/pages"}],"about":[{"href":"https:\/\/lacortedigio.it\/de\/wp-json\/wp\/v2\/types\/page"}],"author":[{"embeddable":true,"href":"https:\/\/lacortedigio.it\/de\/wp-json\/wp\/v2\/users\/2"}],"replies":[{"embeddable":true,"href":"https:\/\/lacortedigio.it\/de\/wp-json\/wp\/v2\/comments?post=1733"}],"version-history":[{"count":1,"href":"https:\/\/lacortedigio.it\/de\/wp-json\/wp\/v2\/pages\/1733\/revisions"}],"predecessor-version":[{"id":1734,"href":"https:\/\/lacortedigio.it\/de\/wp-json\/wp\/v2\/pages\/1733\/revisions\/1734"}],"wp:attachment":[{"href":"https:\/\/lacortedigio.it\/de\/wp-json\/wp\/v2\/media?parent=1733"}],"curies":[{"name":"wp","href":"https:\/\/api.w.org\/{rel}","templated":true}]}}